{"id":32,"date":"2020-04-11T18:22:34","date_gmt":"2020-04-11T16:22:34","guid":{"rendered":"http:\/\/mahaloyoga.at\/cms\/?page_id=32"},"modified":"2026-02-05T14:01:57","modified_gmt":"2026-02-05T13:01:57","slug":"kontakt","status":"publish","type":"page","link":"https:\/\/mahaloyoga.at\/cms\/kontakt\/","title":{"rendered":"Kontakt"},"content":{"rendered":"\n<style type=\"text\/css\" data-created_by=\"avia_inline_auto\" id=\"style-css-av-1iewc-b468692388432d8afce0ca956cee890e\">\n.flex_column.av-1iewc-b468692388432d8afce0ca956cee890e{\n-webkit-border-radius:0px 0px 0px 0px;\n-moz-border-radius:0px 0px 0px 0px;\nborder-radius:0px 0px 0px 0px;\npadding:0px 0px 0px 0px;\n}\n<\/style>\n<div class='flex_column av-1iewc-b468692388432d8afce0ca956cee890e av_one_half  avia-builder-el-0  avia-builder-el-no-sibling  first flex_column_div av-zero-column-padding '     ><section  class='av_textblock_section av-k8vtr84b-b0cb735ff16ad8399bd8164272114037'  itemscope=\"itemscope\" itemtype=\"https:\/\/schema.org\/CreativeWork\" ><div class='avia_textblock'  itemprop=\"text\" ><h3>MAHALO YOGA<\/h3>\n<p>Melanie Hamedl<br \/>\nGartensiedlung 5\/7<br \/>\n5163 Mattsee<br \/>\nAustria<\/p>\n<h3>MAHALO YOGA<\/h3>\n<p>Klangschalen, Soundhealing, Privat Stunden<br \/>\nAst\u00e4tt 58 Top 3<br \/>\n5221 Lochen am See<\/p>\n<p>Austria<\/p>\n<p>Telefon: +43 660 8191239<br \/>\nE-Mail: <a href=\"mailto:office@mahaloyoga.at\">office@mahaloyoga.at<\/a><\/p>\n<\/div><\/section><br \/>\n<div  class='togglecontainer av-k8vu6y3i-ebb4362de54f78b33f702d20513c764a  avia-builder-el-2  el_after_av_textblock  avia-builder-el-last  toggle_close_all' >\n<section class='av_toggle_section av-2ndig-4cff5e2f8561c476f2787a5dc6be8c2d'  itemscope=\"itemscope\" itemtype=\"https:\/\/schema.org\/CreativeWork\" ><div role=\"tablist\" class=\"single_toggle\" data-tags=\"{Alle} \"  ><p data-fake-id='#toggle-id-1' class='toggler   '  itemprop=\"headline\"  role='tab' tabindex='0' aria-controls='toggle-id-1'>Impressum<span class=\"toggle_icon\"><span class=\"vert_icon\"><\/span><span class=\"hor_icon\"><\/span><\/span><\/p><div id='toggle-id-1' class='toggle_wrap  '  ><div class='toggle_content invers-color '  itemprop=\"text\" ><p><strong>Betreiberin der Website:<\/strong><br \/>\nMelanie Hamedl<br \/>\nGartensiedlung 5\/7<br \/>\n5163 Mattsee<br \/>\nAustria<\/p>\n<p><strong>Kontakt:<\/strong><br \/>\nTelefon: +43 660 8191239<br \/>\nE-Mail: office@mahaloyoga.at<br \/>\nwww.mahaloyoga.at<\/p>\n<p><strong>Bet\u00e4tigungsfeld:<\/strong><br \/>\nTrainerin f\u00fcr Yoga<\/p>\n<p>Informationspflicht laut \u00a75 E-Commerce Gesetz, \u00a714 Unternehmensgesetzbuch, \u00a763 Gewerbeordnung und Offenlegungspflicht laut \u00a725 Mediengesetz.<\/p>\n<p>F\u00fcr den Inhalt verantwortlich, \u00c4nderungen vorbehalten. Keine Garantie, dass alle Angaben zu jeder Zeit vollst\u00e4ndig und in letzter Aktualit\u00e4t dargestellt sind. Keine Verantwortung \u00fcber Inhalte der direkt oder indirekt verlinkten Webseiten.<\/p>\n<\/div><\/div><\/div><\/section>\n<section class='av_toggle_section av-7ex8-f7e57847b84674b230147236c4cbf128'  itemscope=\"itemscope\" itemtype=\"https:\/\/schema.org\/CreativeWork\" ><div role=\"tablist\" class=\"single_toggle\" data-tags=\"{Alle} \"  ><p data-fake-id='#toggle-id-2' class='toggler   '  itemprop=\"headline\"  role='tab' tabindex='0' aria-controls='toggle-id-2'>\u00d6ffnungszeiten<span class=\"toggle_icon\"><span class=\"vert_icon\"><\/span><span class=\"hor_icon\"><\/span><\/span><\/p><div id='toggle-id-2' class='toggle_wrap  '  ><div class='toggle_content invers-color '  itemprop=\"text\" ><p>\u00d6ffnungszeiten (Stand 2.2.2020):<br \/>\nMO-SO 10 Minuten vor\/nach Klassenbeginn<\/p>\n<\/div><\/div><\/div><\/section>\n<section class='av_toggle_section av-1k894-73c00df5e1bcc7788f887eb7f3820953'  itemscope=\"itemscope\" itemtype=\"https:\/\/schema.org\/CreativeWork\" ><div role=\"tablist\" class=\"single_toggle\" data-tags=\"{Alle} \"  ><p data-fake-id='#toggle-id-3' class='toggler   '  itemprop=\"headline\"  role='tab' tabindex='0' aria-controls='toggle-id-3'>Bankverbindung<span class=\"toggle_icon\"><span class=\"vert_icon\"><\/span><span class=\"hor_icon\"><\/span><\/span><\/p><div id='toggle-id-3' class='toggle_wrap  '  ><div class='toggle_content invers-color '  itemprop=\"text\" ><p><strong>Bankverbindung:\u00a0<\/strong><br \/>\nMelanie Hamedl &#8211; Mahalo Yoga<br \/>\nRaiffeisenbank Salzburger Seenland<br \/>\nIBAN: AT03 3504 7000 0104 0930<br \/>\nBIC: RVSAAT2S047<\/p>\n<\/div><\/div><\/div><\/section>\n<section class='av_toggle_section av-z3zo-a96200e886b696b64edf8f631c0be3ae'  itemscope=\"itemscope\" itemtype=\"https:\/\/schema.org\/CreativeWork\" ><div role=\"tablist\" class=\"single_toggle\" data-tags=\"{Alle} \"  ><p data-fake-id='#toggle-id-4' class='toggler   '  itemprop=\"headline\"  role='tab' tabindex='0' aria-controls='toggle-id-4'>Disclaimer<span class=\"toggle_icon\"><span class=\"vert_icon\"><\/span><span class=\"hor_icon\"><\/span><\/span><\/p><div id='toggle-id-4' class='toggle_wrap  '  ><div class='toggle_content invers-color '  itemprop=\"text\" ><p>Die nachfolgenden Informationen beziehen sich auf die Website www.mahaloyoga.at<\/p>\n<p>Mit der weiteren Nutzung dieser Website erkl\u00e4ren Sie sich mit der Verwendung von Cookies einverstanden.<\/p>\n<p><strong>Cookies<\/strong><br \/>\nBasisbeschreibung von Cookies, deren Verwendung und wie Sie die Installation von Cookies verhindern k\u00f6nnen:<br \/>\nEin Gro\u00dfteil der Websites verwendet aktuell Cookies und Trackingtechnologien. Cookies sind kleine Text-Dokumente, die w\u00e4hrend des Besuchs einer Website auf den Webbrowser Ihrer Computer-Festplatte gespeichert werden. Cookies haben unterschiedliche Funktionen und bleiben unterschiedlich lang auf Ihrem Computer gespeichert. Sie dienen beispielsweise zur Unterscheidung zwischen unterschiedlichen Websiten-Besuchern oder zeigen an und merken sich, welche Inhalte f\u00fcr den jeweiligen User interessant sind und welche nicht. Das hilft Website-Betreibern dabei, ihre Website an die Pr\u00e4ferenzen der Besucher anzupassen, Inhalte von gr\u00f6\u00dferem Belang auszubauen, weniger interessantere Inhalte zu reduzieren.<br \/>\nSie k\u00f6nnen die Installation von Cookies auf verschiedene Arten unterbinden. Einerseits durch eine entsprechende Einstellung Ihrer Browser-Software. Sie k\u00f6nnen beispielsweise im Kontext google auch die Erfassung der durch das Cookie erzeugten und auf Ihre Nutzung der Website bezogenen Daten an Google sowie die Verarbeitung dieser Daten durch Google verhindern, indem sie das unter dem folgenden Link http:\/\/tools.google.com\/dlpage\/gaoptout?hl=de verf\u00fcgbare Browser-Plugin herunterladen und installieren. Sie k\u00f6nnen Cookies auch jederzeit von der Festplatte ihres Computers manuell l\u00f6schen.<br \/>\nWir weisen allerdings darauf hin, dass im Falle einer Unterbindung von Cookies gegebenenfalls nicht s\u00e4mtliche Funktionen dieser Website in vollem Umfang zur Verf\u00fcgung stehen.<\/p>\n<p><strong>Besucherz\u00e4hler<\/strong><br \/>\nDiese Website erfasst mit einem Besucherz\u00e4hler die Anzahl der Besucher, die Website, von der sie kommen, und \u00fcber welchen Provider sie Zugang zum Internet haben. Die Ergebnisse werden ausschlie\u00dflich in anonymisierter und nicht auf einzelne Personen zur\u00fcckzuf\u00fchrender Form verwendet.<br \/>\nGesammelte (personenbezogene) Daten werden nicht an Dritte verkauft oder Dritten zur Verf\u00fcgung gestellt. Vorbehalten bleiben besondere Umst\u00e4nde, zum Beispiel bei gesetzlicher Verpflichtung. Au\u00dferdem k\u00f6nnen Sie uns jederzeit dazu auffordern, Ihre Daten aus unseren Datenbanken zu l\u00f6schen.<\/p>\n<p><strong>Personenbezogene Daten<\/strong><br \/>\nPersonenbezogene Daten sind Einzelangaben \u00fcber pers\u00f6nliche oder sachliche Verh\u00e4ltnisse einer bestimmten oder bestimmbaren nat\u00fcrlichen Person. Darunter fallen Informationen wie z.B. Ihr Name, Ihre Anschrift oder Ihre Telefonnummer. (Informationen, die nicht direkt mit Ihrer wirklichen Identit\u00e4t in Verbindung gebracht werden \u2013 wie z.B. favorisierte Webseiten oder Anzahl der Nutzer einer Seite \u2013 sind keine personenbezogenen Daten.)<br \/>\nDie von Ihnen zur Verf\u00fcgung gestellten personenbezogenen Daten verwenden wir ausschlie\u00dflich zum Zweck der Erf\u00fcllung Ihrer an uns gestellten W\u00fcnsche und Anforderungen. Eine anderweitige Weitergabe, Verkauf oder sonstige \u00dcbermittlung Ihrer personenbezogenen Daten erfolgt nicht.Sie haben zu jeder Zeit das Recht, die L\u00f6schung Ihrer Daten einzufordern. Wir werden Ihrem Ansinnen umgehend nachkommen!<\/p>\n<p><strong>Haftung \/ Links zu Websiten Dritter<\/strong><br \/>\nUnsere Internet-Pr\u00e4senz enth\u00e4lt fallweise Links zu externen Webseiten Dritter, auf deren Inhalte wir keinen Einfluss haben. Deshalb k\u00f6nnen wir f\u00fcr diese fremden Inhalte auch keine Gew\u00e4hr \u00fcbernehmen. F\u00fcr die Inhalte der verlinkten Seiten ist stets der jeweilige Anbieter oder Betreiber der Seiten verantwortlich. Die verlinkten Seiten wurden zum Zeitpunkt der Verlinkung auf m\u00f6gliche Rechtsverst\u00f6\u00dfe \u00fcberpr\u00fcft. Rechtswidrige Inhalte waren zum Zeitpunkt der Verlinkung nicht erkennbar. Eine permanente inhaltliche Kontrolle der verlinkten Seiten ist jedoch ohne konkrete Anhaltspunkte einer Rechtsverletzung nicht zumutbar. Bei Bekanntwerden von Rechtsverletzungen werden wir derartige Links umgehend entfernen.<\/p>\n<p><strong>Urheberrecht<\/strong><br \/>\nDie durch die Seitenbetreiber erstellten Inhalte und Werke auf diesen Seiten unterliegen dem \u00f6sterreichischem Urheberrecht. Die Vervielf\u00e4ltigung, Bearbeitung, Verbreitung und jede Art der Verwertung au\u00dferhalb der Grenzen des Urheberrechtes bed\u00fcrfen der schriftlichen Zustimmung des jeweiligen Autors bzw. Erstellers. Downloads und Kopien dieser Seite sind nur f\u00fcr den privaten, nicht kommerziellen Gebrauch gestattet. Soweit die Inhalte auf dieser Seite nicht vom Betreiber erstellt wurden, werden die Urheberrechte Dritter beachtet. Insbesondere werden Inhalte Dritter als solche gekennzeichnet. Sollten Sie trotzdem auf eine Urheberrechtsverletzung aufmerksam werden, bitten wir um einen entsprechenden Hinweis. Bei Bekanntwerden von Rechtsverletzungen werden wir derartige Inhalte umgehend entfernen.<\/p>\n<p><strong>Sonstiges<\/strong><br \/>\nWir weisen darauf hin, dass die Daten\u00fcbertragung im Internet (z.B. bei der Kommunikation per E-Mail) Sicherheitsl\u00fccken aufweisen kann. Ein l\u00fcckenloser Schutz der Daten vor dem Zugriff durch Dritte ist nicht m\u00f6glich.<br \/>\nDer Nutzung von im Rahmen der Impressumspflicht ver\u00f6ffentlichten Kontaktdaten durch Dritte zur \u00dcbersendung von nicht ausdr\u00fccklich angeforderter Werbung und Informationsmaterialien wird hiermit ausdr\u00fccklich widersprochen. Die Betreiber der Seiten behalten sich ausdr\u00fccklich rechtliche Schritte im Falle der unverlangten Zusendung von Werbeinformationen, etwa durch Spam-Mails, vor.<\/p>\n<p><strong>Angaben zur Online-Streitbeilegung<\/strong><br \/>\nVerbraucher haben die M\u00f6glichkeit, Beschwerden an die OnlineStreitbeilegungsplattform der EU zurichten:\u00a0https:\/\/ec.europa.eu\/consumers\/odr\/main\/index.cfm?event=main.home2.show&#038;lng=DE. Sie k\u00f6nnen allf\u00e4llige Beschwerde auch an die oben angegebene E-Mail-Adresse richten.<\/p>\n<p><strong>Haftung f\u00fcr Inhalte dieser Webseite\u00a0<\/strong><br \/>\nWir entwickeln die Inhalte dieser Webseite st\u00e4ndig weiter und bem\u00fchen uns korrekte und aktuelle Informationen bereitzustellen. Leider k\u00f6nnen wir keine Haftung f\u00fcr die Korrektheit aller Inhalte auf dieser Webseite \u00fcbernehmen, speziell f\u00fcr jene die seitens Dritter bereitgestellt wird. Sollten Ihnen problematische oder rechtswidrige Inhalte auffallen, bitte wir Sie uns umgehend zu kontaktieren, Sie finden die Kontaktdaten im Impressum.<\/p>\n<p><strong>Haftung f\u00fcr Links auf dieser Webseite<\/strong><br \/>\nUnsere Webseite enth\u00e4lt Links zu anderen Webseiten f\u00fcr deren Inhalt wir nicht verantwortlich sind. Wenn Ihnen rechtswidrige Links auf unserer Webseite auffallen, bitte wir Sie uns zu kontaktieren, Sie finden die Kontaktdaten im Impressum.<\/p>\n<p><strong>Urheberrechtshinweis<\/strong><br \/>\nAlle Inhalte dieser Webseite (Bilder, Fotos, Texte, Videos) unterliegen dem Urheberrecht. Falls notwendig, werden wir die unerlaubte Nutzung von Teilen der Inhalte unserer Seite rechtlich verfolgen.<\/p>\n<p><strong>Bildernachweis<\/strong><br \/>\nDie Bilder, Fotos und Grafiken auf dieser Webseite sind urheberrechtlich gesch\u00fctzt.<br \/>\nDie Bilderrechte liegen bei den folgenden Fotografen und Unternehmen: Melanie Hamedl<br \/>\nGrafik: Steve Custom Painting<br \/>\nFotos: Melanie Hamedl<br \/>\nWebsite: Melanie Hamedl &#038; ABC Design<br \/>\n\u00a9 2020, Mahalo Yoga. Alle Rechte vorbehalten.<\/p>\n<\/div><\/div><\/div><\/section>\n<section class='av_toggle_section av-woho-c3c3211e758e4a1b2035af2944fddf69'  itemscope=\"itemscope\" itemtype=\"https:\/\/schema.org\/CreativeWork\" ><div role=\"tablist\" class=\"single_toggle\" data-tags=\"{Alle} \"  ><p data-fake-id='#toggle-id-5' class='toggler   '  itemprop=\"headline\"  role='tab' tabindex='0' aria-controls='toggle-id-5'>Allgemeine Gesch\u00e4ftsbedingungen<span class=\"toggle_icon\"><span class=\"vert_icon\"><\/span><span class=\"hor_icon\"><\/span><\/span><\/p><div id='toggle-id-5' class='toggle_wrap  '  ><div class='toggle_content invers-color '  itemprop=\"text\" ><p>AGBs PDF Download:<br \/>\n<a href=\"https:\/\/mahaloyoga.at\/agb.pdf\" target=\"_blank\" rel=\"noopener\">mahaloyoga.at\/agb.pdf<\/a><\/p>\n<\/div><\/div><\/div><\/section>\n<\/div><\/p><\/div>\n","protected":false},"excerpt":{"rendered":"","protected":false},"author":1,"featured_media":0,"parent":0,"menu_order":0,"comment_status":"closed","ping_status":"closed","template":"","meta":{"footnotes":""},"class_list":["post-32","page","type-page","status-publish","hentry"],"_links":{"self":[{"href":"https:\/\/mahaloyoga.at\/cms\/wp-json\/wp\/v2\/pages\/32","targetHints":{"allow":["GET"]}}],"collection":[{"href":"https:\/\/mahaloyoga.at\/cms\/wp-json\/wp\/v2\/pages"}],"about":[{"href":"https:\/\/mahaloyoga.at\/cms\/wp-json\/wp\/v2\/types\/page"}],"author":[{"embeddable":true,"href":"https:\/\/mahaloyoga.at\/cms\/wp-json\/wp\/v2\/users\/1"}],"replies":[{"embeddable":true,"href":"https:\/\/mahaloyoga.at\/cms\/wp-json\/wp\/v2\/comments?post=32"}],"version-history":[{"count":19,"href":"https:\/\/mahaloyoga.at\/cms\/wp-json\/wp\/v2\/pages\/32\/revisions"}],"predecessor-version":[{"id":1325,"href":"https:\/\/mahaloyoga.at\/cms\/wp-json\/wp\/v2\/pages\/32\/revisions\/1325"}],"wp:attachment":[{"href":"https:\/\/mahaloyoga.at\/cms\/wp-json\/wp\/v2\/media?parent=32"}],"curies":[{"name":"wp","href":"https:\/\/api.w.org\/{rel}","templated":true}]}}