{"id":150,"date":"2020-04-13T21:27:19","date_gmt":"2020-04-13T19:27:19","guid":{"rendered":"http:\/\/mahaloyoga.at\/cms\/?page_id=150"},"modified":"2026-01-06T20:33:45","modified_gmt":"2026-01-06T19:33:45","slug":"faq","status":"publish","type":"page","link":"https:\/\/mahaloyoga.at\/cms\/faq\/","title":{"rendered":"FAQ"},"content":{"rendered":"\n<p><\/p>\n\n\n<section  class='av_textblock_section av-k9rfsl63-df781703147934f3cdf41a6b32eec540'  itemscope=\"itemscope\" itemtype=\"https:\/\/schema.org\/CreativeWork\" ><div class='avia_textblock'  itemprop=\"text\" ><h3>Du bekommst keine R\u00fcckmeldung via E-Mail von mir?<\/h3>\n<p>Bitte schau in deinem Spam-Ordner nach. Wenn du dort keine E-Mail von mir findest, bitte ruf mich einfach kurz an Tel: 0660 819 1239<\/p>\n<h3>Ich war noch nie in einer Yogaklasse?<\/h3>\n<p>Dann komm einfach einmal vorbei und schau es dir an. Egal wie jung\/alt, flexibel oder sportlich du bist, Yoga ist f\u00fcr alle. Komm einfach mit einem offen Mindset, zieh dir etwas Gem\u00fctliches an und schnupper rein.<\/p>\n<h3>Was ist ein Schnupper-Ticket?<\/h3>\n<p>Als Neukunde kannst du dir einmalig ein Schnupper-Ticket kaufen, das du zu jeder gelisteten Klasse n\u00fctzen kannst. Melde dich \u00fcber die Webseite an, schick mir eine E-Mail \/ WhatsApp-Nachricht oder ich melde dich direkt vor Ort an.<\/p>\n<h3>Wie buche ich?<\/h3>\n<p>\u00dcber meinen Stundenplan auf der Website auf die gew\u00fcnschte Klasse klicken, anmelden und deine gew\u00fcnschte Einheit kaufen. Wenn du nicht gern online buchst, kannst du dich gern telefonisch, via E-Mail oder WhatsApp bei mir melden und ich buche dir deine gew\u00fcnschte Klasse.<\/p>\n<h3>Warum muss ich mich bei Eversports anmelden?<\/h3>\n<p>Eversports ist mein Kassen- und Buchungs-System. Dazu musst du die App nicht herunterladen und kannst ganz einfach \u00fcber meine Webseite buchen. Falls das noch immer nicht deines ist, mache ich es f\u00fcr dich und du schickst mir eine Nachricht per WhatsApp oder SMS.<\/p>\n<h3>Bis wann kannst du buchen?<\/h3>\n<p>Eine Stunde vor Klassenbeginn \u00fcber meine Webseite oder Eversports App. Kurzfristig doch Zeit? Dann ruf mich einfach an und ich buche dich ein.<\/p>\n<h3>Wann findet eine Klasse statt?<\/h3>\n<p>Ab drei Personen findet die Klasse statt. Motiviere deinen Yoga Freunde und die Klasse ist euch sicher!<\/p>\n<h3>Was soll ich mitbringen?<\/h3>\n<p>Eigentlich gar nichts, das ganze Yoga Equipment ist vor Ort in allen Yoga Locations. Du kannst deine eigene Yogamatte\/Bl\u00f6cke\/Polster\/Decke gerne mitnehmen und ein gem\u00fctliches Outfit anziehen, in dem du dich bewegen kannst.<\/p>\n<h3>Wie lange vor Beginn der Klasse sollte ich da sein?<\/h3>\n<p>Bitte komme 5-10 Minuten vor Klassenbeginn. Wenn du dich umziehen m\u00f6chtest, dann bitte 10 Minuten vorher.<br \/>\nWenn du das erste Mal kommst, komm bitte auch 10 Minuten fr\u00fcher.<\/p>\n<h3>Bis wann kannst du dich abmelden?<\/h3>\n<p>Zwei Stunden vor Klassenbeginn. F\u00fcr den Fall, dass etwas Unvorhersehbares passiert, ruf mich bitte vor Klassenbeginn an. Ansonsten wird dir die Einheit leider abgebucht.<\/p>\n<h3>Wie lange gilt mein 8er-Ticket?<\/h3>\n<p>Acht Monate.<\/p>\n<h3>Wie lange gilt mein 2er-Ticket?<\/h3>\n<p>Zwei Monate.<\/p>\n<h3>Wo kann ich parken?<\/h3>\n<p>Es gibt gen\u00fcgend Parkm\u00f6glichkeiten an allen Standorten.<\/p>\n<h3>Kann ich meine Kinder zum Yoga mitnehmen?<\/h3>\n<p>Selbstverst\u00e4ndlich d\u00fcrfen deine Kinder mitkommen und mitmachen! Das wichtigste ist einfach, das wir ihnen das Yogaetikett erkl\u00e4ren, wenn es ihnen zu viel wird, dass sie in die Pose des Kindes gehen und wieder einsteigen k\u00f6nnen, wenn sie m\u00f6chten. Sie d\u00fcrfen auch den Yoga-Raum verlassen und im Warteraum auf euch warten. Meine Erfahrung mit Kindern ist, dass sie immer gro\u00dfe Freude beim Mitmachen haben.<\/p>\n<h3>Ist Yoga auch bei\/nach Verletzungen und Krankheit m\u00f6glich?<\/h3>\n<p>Bitte sprech dich immer mit deinem Arzt ab, bevor du kommst. Wenn du bei einem Physiotherapeuten bist, bitte teil deine \u00dcbungen mit mir. Ich bin keine \u00c4rztin und ich m\u00f6chte das du sicher bei mir aufgehoben bist, deine Beschwerden lindern, mit dir vorbeugend arbeiten oder deine Mobilisierung unterst\u00fctzen. Bitte informiere mich vor Klassenbeginn \u00fcber deine Situation.<\/p>\n<h3>Yoga in der Schwangerschaft?<\/h3>\n<p>Ab der 14. Schwangerschaftswoche ist Yoga ein guter Begleiter w\u00e4hrend sich dein K\u00f6rper ver\u00e4ndert. Konsultiere deinen Arzt, bevor du mit Schwangerschaft Yoga anf\u00e4ngst.<\/p>\n<\/div><\/section>\n","protected":false},"excerpt":{"rendered":"","protected":false},"author":1,"featured_media":0,"parent":0,"menu_order":0,"comment_status":"closed","ping_status":"closed","template":"","meta":{"footnotes":""},"class_list":["post-150","page","type-page","status-publish","hentry"],"_links":{"self":[{"href":"https:\/\/mahaloyoga.at\/cms\/wp-json\/wp\/v2\/pages\/150","targetHints":{"allow":["GET"]}}],"collection":[{"href":"https:\/\/mahaloyoga.at\/cms\/wp-json\/wp\/v2\/pages"}],"about":[{"href":"https:\/\/mahaloyoga.at\/cms\/wp-json\/wp\/v2\/types\/page"}],"author":[{"embeddable":true,"href":"https:\/\/mahaloyoga.at\/cms\/wp-json\/wp\/v2\/users\/1"}],"replies":[{"embeddable":true,"href":"https:\/\/mahaloyoga.at\/cms\/wp-json\/wp\/v2\/comments?post=150"}],"version-history":[{"count":8,"href":"https:\/\/mahaloyoga.at\/cms\/wp-json\/wp\/v2\/pages\/150\/revisions"}],"predecessor-version":[{"id":1324,"href":"https:\/\/mahaloyoga.at\/cms\/wp-json\/wp\/v2\/pages\/150\/revisions\/1324"}],"wp:attachment":[{"href":"https:\/\/mahaloyoga.at\/cms\/wp-json\/wp\/v2\/media?parent=150"}],"curies":[{"name":"wp","href":"https:\/\/api.w.org\/{rel}","templated":true}]}}